{"id":395,"date":"2025-01-06T21:00:30","date_gmt":"2025-01-06T20:00:30","guid":{"rendered":"https:\/\/expressionisme-bjorn.art\/?page_id=395"},"modified":"2025-09-11T11:50:49","modified_gmt":"2025-09-11T09:50:49","slug":"mentions-legales","status":"publish","type":"page","link":"https:\/\/expressionisme-bjorn.art\/en\/mentions-legales\/","title":{"rendered":"Legal notices"},"content":{"rendered":"<p>[et_pb_section fb_built=\u00a0\u00bb1&Prime; custom_padding_last_edited=\u00a0\u00bbon|tablet\u00a0\u00bb module_id=\u00a0\u00bbSecCompte\u00a0\u00bb _builder_version=\u00a0\u00bb4.27.4&Prime; _module_preset=\u00a0\u00bbdefault\u00a0\u00bb background_color=\u00a0\u00bb#000000&Prime; background_enable_image=\u00a0\u00bboff\u00a0\u00bb custom_padding=\u00a0\u00bb45px||40px||false|false\u00a0\u00bb custom_padding_tablet=\u00a0\u00bb30px||20px||false|false\u00a0\u00bb custom_padding_phone=\u00a0\u00bb20px||10px||false|false\u00a0\u00bb locked=\u00a0\u00bboff\u00a0\u00bb global_colors_info=\u00a0\u00bb{}\u00a0\u00bb][et_pb_row _builder_version=\u00a0\u00bb4.27.4&Prime; _module_preset=\u00a0\u00bbdefault\u00a0\u00bb custom_padding=\u00a0\u00bb||21px||false|false\u00a0\u00bb global_colors_info=\u00a0\u00bb{}\u00a0\u00bb][et_pb_column type=\u00a0\u00bb4_4&Prime; _builder_version=\u00a0\u00bb4.16&Prime; _module_preset=\u00a0\u00bbdefault\u00a0\u00bb global_colors_info=\u00a0\u00bb{}\u00a0\u00bb][et_pb_text disabled_on=\u00a0\u00bboff|off|off\u00a0\u00bb _builder_version=\u00a0\u00bb4.27.4&Prime; _module_preset=\u00a0\u00bbdefault\u00a0\u00bb header_font=\u00a0\u00bbPrata|500|||||||\u00a0\u00bb header_text_align=\u00a0\u00bbcenter\u00a0\u00bb header_text_color=\u00a0\u00bb#FFFFFF\u00a0\u00bb header_font_size=\u00a0\u00bb38px\u00a0\u00bb header_line_height=\u00a0\u00bb1.3em\u00a0\u00bb header_2_font=\u00a0\u00bbPoppins|500|||||||\u00a0\u00bb header_2_text_color=\u00a0\u00bb#FFFFFF\u00a0\u00bb header_2_font_size=\u00a0\u00bb38px\u00a0\u00bb header_2_line_height=\u00a0\u00bb1.2em\u00a0\u00bb header_3_font=\u00a0\u00bbPoppins|500|||||||\u00a0\u00bb header_3_text_color=\u00a0\u00bb#FFFFFF\u00a0\u00bb header_3_font_size=\u00a0\u00bb38px\u00a0\u00bb header_3_line_height=\u00a0\u00bb1.2em\u00a0\u00bb header_4_font=\u00a0\u00bbPoppins|500|||||||\u00a0\u00bb header_4_text_color=\u00a0\u00bb#FFFFFF\u00a0\u00bb header_4_font_size=\u00a0\u00bb38px\u00a0\u00bb header_4_line_height=\u00a0\u00bb1.2em\u00a0\u00bb header_5_font=\u00a0\u00bbPoppins|500|||||||\u00a0\u00bb header_5_text_color=\u00a0\u00bb#FFFFFF\u00a0\u00bb header_5_font_size=\u00a0\u00bb38px\u00a0\u00bb header_5_line_height=\u00a0\u00bb1.2em\u00a0\u00bb header_6_font=\u00a0\u00bbPoppins|500|||||||\u00a0\u00bb header_6_text_color=\u00a0\u00bb#FFFFFF\u00a0\u00bb header_6_font_size=\u00a0\u00bb38px\u00a0\u00bb header_6_line_height=\u00a0\u00bb1.2em\u00a0\u00bb display_conditions=\u00a0\u00bbW10=\u00a0\u00bb header_text_align_tablet=\u00a0\u00bbcenter\u00a0\u00bb header_text_align_phone=\u00a0\u00bbcenter\u00a0\u00bb header_text_align_last_edited=\u00a0\u00bbon|tablet\u00a0\u00bb header_font_size_tablet=\u00a0\u00bb40px\u00a0\u00bb header_font_size_phone=\u00a0\u00bb26px\u00a0\u00bb header_font_size_last_edited=\u00a0\u00bbon|phone\u00a0\u00bb header_2_font_size_tablet=\u00a0\u00bb40px\u00a0\u00bb header_2_font_size_phone=\u00a0\u00bb32px\u00a0\u00bb header_2_font_size_last_edited=\u00a0\u00bbon|desktop\u00a0\u00bb header_3_font_size_tablet=\u00a0\u00bb40px\u00a0\u00bb header_3_font_size_phone=\u00a0\u00bb32px\u00a0\u00bb header_3_font_size_last_edited=\u00a0\u00bbon|desktop\u00a0\u00bb header_4_font_size_tablet=\u00a0\u00bb40px\u00a0\u00bb header_4_font_size_phone=\u00a0\u00bb32px\u00a0\u00bb header_4_font_size_last_edited=\u00a0\u00bbon|desktop\u00a0\u00bb header_5_font_size_tablet=\u00a0\u00bb40px\u00a0\u00bb header_5_font_size_phone=\u00a0\u00bb32px\u00a0\u00bb header_5_font_size_last_edited=\u00a0\u00bbon|desktop\u00a0\u00bb header_6_font_size_tablet=\u00a0\u00bb40px\u00a0\u00bb header_6_font_size_phone=\u00a0\u00bb32px\u00a0\u00bb header_6_font_size_last_edited=\u00a0\u00bbon|desktop\u00a0\u00bb global_colors_info=\u00a0\u00bb{}\u00a0\u00bb]<\/p>\n<h1>Legal notices<\/h1>\n<p>[\/et_pb_text][\/et_pb_column][\/et_pb_row][\/et_pb_section][et_pb_section fb_built=\u00a0\u00bb1&Prime; custom_padding_last_edited=\u00a0\u00bbon|tablet\u00a0\u00bb _builder_version=\u00a0\u00bb4.27.4&Prime; _module_preset=\u00a0\u00bbdefault\u00a0\u00bb custom_padding=\u00a0\u00bb30px||||false|false\u00a0\u00bb custom_padding_tablet=\u00a0\u00bb17px||||false|false\u00a0\u00bb custom_padding_phone=\u00a0\u00bb1px||31px||false|false\u00a0\u00bb border_width_bottom=\u00a0\u00bb1px\u00a0\u00bb border_color_bottom=\u00a0\u00bb#d1d1d1&Prime; global_colors_info=\u00a0\u00bb{}\u00a0\u00bb][et_pb_row _builder_version=\u00a0\u00bb4.27.4&Prime; _module_preset=\u00a0\u00bbdefault\u00a0\u00bb width=\u00a0\u00bb87%\u00a0\u00bb custom_padding=\u00a0\u00bb||13px||false|false\u00a0\u00bb global_colors_info=\u00a0\u00bb{}\u00a0\u00bb][et_pb_column type=\u00a0\u00bb4_4&Prime; _builder_version=\u00a0\u00bb4.27.4&Prime; _module_preset=\u00a0\u00bbdefault\u00a0\u00bb global_colors_info=\u00a0\u00bb{}\u00a0\u00bb][et_pb_text _builder_version=\u00a0\u00bb4.27.4&Prime; text_font=\u00a0\u00bbOpen Sans||||||||\u00a0\u00bb text_text_color=\u00a0\u00bb#000000&Prime; text_font_size=\u00a0\u00bb15px\u00a0\u00bb text_line_height=\u00a0\u00bb1.75em\u00a0\u00bb link_font=\u00a0\u00bb||||on|||#000000|\u00a0\u00bb link_text_color=\u00a0\u00bb#000000&Prime; header_font=\u00a0\u00bb||||||||\u00a0\u00bb header_text_align=\u00a0\u00bbleft\u00a0\u00bb header_2_font=\u00a0\u00bbOpen Sans|600|||||||\u00a0\u00bb header_2_text_color=\u00a0\u00bb#000000&Prime; header_2_line_height=\u00a0\u00bb1.2em\u00a0\u00bb header_3_font=\u00a0\u00bb|700||on|||||\u00a0\u00bb header_3_font_size=\u00a0\u00bb14px\u00a0\u00bb header_3_letter_spacing=\u00a0\u00bb3px\u00a0\u00bb header_3_line_height=\u00a0\u00bb1.8em\u00a0\u00bb max_width_tablet=\u00a0\u00bb70%\u00a0\u00bb max_width_last_edited=\u00a0\u00bboff|phone\u00a0\u00bb custom_margin=\u00a0\u00bb||0px||false|false\u00a0\u00bb text_font_size_tablet=\u00a0\u00bb15px\u00a0\u00bb text_font_size_phone=\u00a0\u00bb14px\u00a0\u00bb text_font_size_last_edited=\u00a0\u00bbon|phone\u00a0\u00bb text_line_height_tablet=\u00a0\u00bb1.75em\u00a0\u00bb text_line_height_phone=\u00a0\u00bb1.4em\u00a0\u00bb text_line_height_last_edited=\u00a0\u00bbon|phone\u00a0\u00bb header_2_font_size_tablet=\u00a0\u00bb\u00a0\u00bb header_2_font_size_phone=\u00a0\u00bb21px\u00a0\u00bb header_2_font_size_last_edited=\u00a0\u00bbon|phone\u00a0\u00bb header_3_font_size_tablet=\u00a0\u00bb\u00a0\u00bb header_3_font_size_phone=\u00a0\u00bb\u00a0\u00bb header_3_font_size_last_edited=\u00a0\u00bbon|desktop\u00a0\u00bb text_orientation_tablet=\u00a0\u00bbleft\u00a0\u00bb text_orientation_phone=\u00a0\u00bbleft\u00a0\u00bb text_orientation_last_edited=\u00a0\u00bbon|tablet\u00a0\u00bb text_text_align=\u00a0\u00bbleft\u00a0\u00bb locked=\u00a0\u00bboff\u00a0\u00bb global_colors_info=\u00a0\u00bb{}\u00a0\u00bb]<\/p>\n<p><strong>Nom du Site<\/strong><span>\u00a0<\/span>: expressionisme-bjorn.art<br \/><strong>Propri\u00e9taire du site<\/strong>: <span>M ALAIN BERUS<\/span><br \/><strong>Num\u00e9ro de SIRET<\/strong><span>\u00a0<\/span>: 530 408 475 00016<br \/><strong>Phone<\/strong><span>\u00a0<\/span>: <a href=\"tel: 33565245059\">+33 5 65 24 50 59<\/a><br \/><strong>Responsable de publication<\/strong><span>\u00a0<\/span>: M <span>ALAIN BERUS<\/span> \u2013 <a href=\"mailto:berus@club-internet.fr\">berus@club-internet.fr<\/a><\/p>\n<p><strong>Ce site est d\u00e9tenu par M <span>ALAIN BERUS<\/span><\/strong><\/p>\n<p>Conform\u00e9ment \u00e0 la loi \u00ab informatique et libert\u00e9s \u00bb du 6 janvier 1978 modifi\u00e9e en 2004, vous b\u00e9n\u00e9ficiez d\u2019un droit d\u2019acc\u00e8s et de rectification aux informations qui vous concernent, que vous pouvez exercer en vous adressant \u00e0 <span>M ALAIN BERUS<\/span>.<\/p>\n<p>Vous pouvez \u00e9galement, pour des motifs l\u00e9gitimes, vous opposer au traitement des donn\u00e9es vous concernant.<\/p>\n<p>Le site et ses contenus sont la propri\u00e9t\u00e9 de <span>M ALAIN BERUS<\/span>, toute reproduction ou utilisation des \u00e9l\u00e9ments est interdite sans l\u2019accord pr\u00e9alable de <span>M ALAIN BERUS<\/span>. Tous droits de reproduction sont r\u00e9serv\u00e9s, y compris pour les documents iconographiques et photographiques.<\/p>\n<p><strong>H\u00e9bergement :<\/strong><br \/>Ce site est h\u00e9berg\u00e9 par la soci\u00e9t\u00e9 OVH.<\/p>\n<p>WHAT ARE OUR COOKIES USED FOR?<\/p>\n<h2>Strictly necessary cookies for the requested service.<\/h2>\n<p>They enable the use of the main features of the website, such as to access your personal account, if applicable, or to save your device\u2019s display preferences (language, display settings) and to take them into account during your visits, depending on the visual style and the display or reading software of your device. These may include social media cookies when you interact with social media. They also enable us to link the various pages you visit to ensure smooth navigation.<\/p>\n<p><strong>To manage your cookies:<\/strong><\/p>\n<p>You can completely disable the cookies in your browser. In this case, our website will not be able to function properly, but you will still be able to use basic features.<\/p>\n<p><strong>1\/ if you are using Internet Explorer<\/strong><\/p>\n<p>In Internet Explorer, click on \u201cTools,\u201d then on \u201cInternet Options.\u201d<br \/>Under the tab \u201cPrivacy,\u201d move up the cursor to block all cookies or move it down to allow all cookies, then click on \u201cOK.\u201d<\/p>\n<p><strong>2\/ if you are using Firefox<\/strong><\/p>\n<p>Go to the \u201cTools\u201d menu in the browser, then select the \u201cOptions\u201d menu.<br \/>Click on the \u201cPrivacy\u201d tab, uncheck the box \u201cAccept cookies,\u201d then click on \u201cOK.\u201d<\/p>\n<p><strong>3\/ if you are using Safari<\/strong><\/p>\n<p>In your browser, select the \u201cEdit\u201d menu, then select \u201cPreferences.\u201d<br \/>Click on \u201cPrivacy.\u201d<br \/>Set the \u201cBlock cookies\u201d setting to \u201cAlways,\u201d then click on \u201cOK.\u201d<\/p>\n<p><strong>4\/ if you are using Google Chrome<\/strong><\/p>\n<p>Click on the Chrome menu in the browser\u2019s toolbar.<br \/>Select \u201cSettings.\u201d<br \/>Click on \u201cView advanced settings.\u201d<br \/>In the \u201cPrivacy\u201d section, click on \u201cContent settings.\u201d<br \/>In the \u201cCookies\u201d section, select \u201cForbid all websites from storing data\u201d et check the box \u201cBlock cookies and data from third-party websites,\u201d then click on \u201cOK.\u201d<\/p>\n<h2>Audience measurement and statistics cookies.<\/h2>\n<p>They enable us to maintain the site and to compile statistics and counts on visitor numbers and the use of its sections and content, in order to carry out studies aimed at improving the content (measuring the number of visits, page views or visitor activity on the site, and how often visitors return). They also enable us to analyze how users navigate the website in order to improve our service or detect malfunctions.<\/p>\n<p>You can disable all third-party cookies in your browser:<\/p>\n<p><strong>1\/ if you are using Internet Explorer<\/strong><\/p>\n<p>In Internet Explorer, click on \u201cTools,\u201d then on \u201cInternet Options.\u201d<br \/>Under the tab \u201cPrivacy,\u201d under \u201cCookies,\u201d enable the option \u201cBlock all third-party cookies,\u201d then click on \u201cOK.\u201d<\/p>\n<p><strong>2\/ if you are using Firefox<\/strong><\/p>\n<p>Allez dans le menu \u00ab Outils \u00bb du navigateur puis s\u00e9lectionnez \u00ab Options \u00bb<br \/>Cliquez sur l\u2019onglet \u00ab vie priv\u00e9e \u00bb, passez le param\u00e8tre \u00ab Accepter les cookies tiers \u00bb \u00e0 \u00ab jamais \u00bb, puis cliquez sur OK<\/p>\n<p><strong>3\/ if you are using Safari<\/strong><\/p>\n<p>In your browser, select the \u201cEdit\u201d menu, then select \u201cPreferences.\u201d<br \/>Click on the \u201cPrivacy\u201d tab<br \/>set the \u201cAllow third-party cookies\u201d to \u201cNever,\u201d then click on \u201cOK.\u201d<\/p>\n<p><strong>4\/ if you are using Google Chrome<\/strong><\/p>\n<p>Click on the Chrome menu in the browser\u2019s toolbar.<br \/>Select \u201cSettings.\u201d<br \/>Click on \u201cView advanced settings.\u201d<br \/>In the \u201cPrivacy\u201d section, click on \u201cContent settings.\u201d<br \/>In the \u201cCookies\u201d section, check the box \u201cBlock third-party cookies and data,\u201d then click on \u201cOK.\u201d<br \/>The CNIL also offers a wide range of tools on its website at http:\/\/www.cnil.fr\/vos-droits\/vos-traces\/les-cookies\/conseils-aux-internautes<span>\u00a0<\/span><a href=\"https:\/\/www.cnil.fr\/fr\/cookies-et-autres-traceurs\/comment-se-proteger\/maitriser-votre-navigateur\">http:\/\/www.cnil.fr\/vos-droits\/vos-traces\/les-cookies\/conseils-aux-internautes<\/a><span>\u00a0<\/span>to limit the traceability of your Internet browsing: extensions for your browser that block trackers, social media sharing buttons, the loading of resources from other websites\u2026<\/p>\n<p>[\/et_pb_text][\/et_pb_column][\/et_pb_row][\/et_pb_section]<\/p>","protected":false},"excerpt":{"rendered":"<p>Mentions l\u00e9galesNom du Site\u00a0: expressionisme-bjorn.artPropri\u00e9taire du site: M ALAIN BERUSNum\u00e9ro de SIRET\u00a0: 530 408 475 00016T\u00e9l\u00e9phone\u00a0: +33 5 65 24 50 59Responsable de publication\u00a0: M ALAIN BERUS \u2013 berus@club-internet.fr Ce site est d\u00e9tenu par M ALAIN BERUS Conform\u00e9ment \u00e0 la loi \u00ab informatique et libert\u00e9s \u00bb du 6 janvier 1978 modifi\u00e9e en 2004, vous b\u00e9n\u00e9ficiez [&hellip;]<\/p>","protected":false},"author":2,"featured_media":0,"parent":0,"menu_order":0,"comment_status":"closed","ping_status":"closed","template":"","meta":{"_et_pb_use_builder":"on","_et_pb_old_content":"","_et_gb_content_width":"","inline_featured_image":false,"footnotes":""},"class_list":["post-395","page","type-page","status-publish","hentry"],"yoast_head":"<!-- This site is optimized with the Yoast SEO plugin v27.4 - https:\/\/yoast.com\/product\/yoast-seo-wordpress\/ -->\n<title>Mentions l\u00e9gales - Expressionisme Bjorn<\/title>\n<meta name=\"robots\" content=\"index, follow, max-snippet:-1, max-image-preview:large, max-video-preview:-1\" \/>\n<link rel=\"canonical\" href=\"https:\/\/expressionisme-bjorn.art\/en\/mentions-legales\/\" \/>\n<meta property=\"og:locale\" content=\"en_GB\" \/>\n<meta property=\"og:type\" content=\"article\" \/>\n<meta property=\"og:title\" content=\"Mentions l\u00e9gales - Expressionisme Bjorn\" \/>\n<meta property=\"og:description\" content=\"Mentions l\u00e9galesNom du Site\u00a0: expressionisme-bjorn.artPropri\u00e9taire du site: M ALAIN BERUSNum\u00e9ro de SIRET\u00a0: 530 408 475 00016T\u00e9l\u00e9phone\u00a0: +33 5 65 24 50 59Responsable de publication\u00a0: M ALAIN BERUS \u2013 berus@club-internet.fr Ce site est d\u00e9tenu par M ALAIN BERUS Conform\u00e9ment \u00e0 la loi \u00ab informatique et libert\u00e9s \u00bb du 6 janvier 1978 modifi\u00e9e en 2004, vous b\u00e9n\u00e9ficiez [&hellip;]\" \/>\n<meta property=\"og:url\" content=\"https:\/\/expressionisme-bjorn.art\/en\/mentions-legales\/\" \/>\n<meta property=\"og:site_name\" content=\"Expressionisme Bjorn\" \/>\n<meta property=\"article:modified_time\" content=\"2025-09-11T09:50:49+00:00\" \/>\n<meta name=\"twitter:card\" content=\"summary_large_image\" \/>\n<meta name=\"twitter:label1\" content=\"Estimated reading time\" \/>\n\t<meta name=\"twitter:data1\" content=\"7 minutes\" \/>\n<script type=\"application\/ld+json\" class=\"yoast-schema-graph\">{\"@context\":\"https:\\\/\\\/schema.org\",\"@graph\":[{\"@type\":\"WebPage\",\"@id\":\"https:\\\/\\\/expressionisme-bjorn.art\\\/mentions-legales\\\/\",\"url\":\"https:\\\/\\\/expressionisme-bjorn.art\\\/mentions-legales\\\/\",\"name\":\"Mentions l\u00e9gales - Expressionisme Bjorn\",\"isPartOf\":{\"@id\":\"https:\\\/\\\/expressionisme-bjorn.art\\\/#website\"},\"datePublished\":\"2025-01-06T20:00:30+00:00\",\"dateModified\":\"2025-09-11T09:50:49+00:00\",\"breadcrumb\":{\"@id\":\"https:\\\/\\\/expressionisme-bjorn.art\\\/mentions-legales\\\/#breadcrumb\"},\"inLanguage\":\"en-GB\",\"potentialAction\":[{\"@type\":\"ReadAction\",\"target\":[\"https:\\\/\\\/expressionisme-bjorn.art\\\/mentions-legales\\\/\"]}]},{\"@type\":\"BreadcrumbList\",\"@id\":\"https:\\\/\\\/expressionisme-bjorn.art\\\/mentions-legales\\\/#breadcrumb\",\"itemListElement\":[{\"@type\":\"ListItem\",\"position\":1,\"name\":\"Accueil\",\"item\":\"https:\\\/\\\/expressionisme-bjorn.art\\\/\"},{\"@type\":\"ListItem\",\"position\":2,\"name\":\"Mentions l\u00e9gales\"}]},{\"@type\":\"WebSite\",\"@id\":\"https:\\\/\\\/expressionisme-bjorn.art\\\/#website\",\"url\":\"https:\\\/\\\/expressionisme-bjorn.art\\\/\",\"name\":\"Expressionisme Bjorn\",\"description\":\"Archive et vente d&#039;oeuvre\",\"potentialAction\":[{\"@type\":\"SearchAction\",\"target\":{\"@type\":\"EntryPoint\",\"urlTemplate\":\"https:\\\/\\\/expressionisme-bjorn.art\\\/?s={search_term_string}\"},\"query-input\":{\"@type\":\"PropertyValueSpecification\",\"valueRequired\":true,\"valueName\":\"search_term_string\"}}],\"inLanguage\":\"en-GB\"}]}<\/script>\n<!-- \/ Yoast SEO plugin. -->","yoast_head_json":{"title":"Mentions l\u00e9gales - Expressionisme Bjorn","robots":{"index":"index","follow":"follow","max-snippet":"max-snippet:-1","max-image-preview":"max-image-preview:large","max-video-preview":"max-video-preview:-1"},"canonical":"https:\/\/expressionisme-bjorn.art\/en\/mentions-legales\/","og_locale":"en_GB","og_type":"article","og_title":"Mentions l\u00e9gales - Expressionisme Bjorn","og_description":"Mentions l\u00e9galesNom du Site\u00a0: expressionisme-bjorn.artPropri\u00e9taire du site: M ALAIN BERUSNum\u00e9ro de SIRET\u00a0: 530 408 475 00016T\u00e9l\u00e9phone\u00a0: +33 5 65 24 50 59Responsable de publication\u00a0: M ALAIN BERUS \u2013 berus@club-internet.fr Ce site est d\u00e9tenu par M ALAIN BERUS Conform\u00e9ment \u00e0 la loi \u00ab informatique et libert\u00e9s \u00bb du 6 janvier 1978 modifi\u00e9e en 2004, vous b\u00e9n\u00e9ficiez [&hellip;]","og_url":"https:\/\/expressionisme-bjorn.art\/en\/mentions-legales\/","og_site_name":"Expressionisme Bjorn","article_modified_time":"2025-09-11T09:50:49+00:00","twitter_card":"summary_large_image","twitter_misc":{"Estimated reading time":"7 minutes"},"schema":{"@context":"https:\/\/schema.org","@graph":[{"@type":"WebPage","@id":"https:\/\/expressionisme-bjorn.art\/mentions-legales\/","url":"https:\/\/expressionisme-bjorn.art\/mentions-legales\/","name":"Mentions l\u00e9gales - Expressionisme Bjorn","isPartOf":{"@id":"https:\/\/expressionisme-bjorn.art\/#website"},"datePublished":"2025-01-06T20:00:30+00:00","dateModified":"2025-09-11T09:50:49+00:00","breadcrumb":{"@id":"https:\/\/expressionisme-bjorn.art\/mentions-legales\/#breadcrumb"},"inLanguage":"en-GB","potentialAction":[{"@type":"ReadAction","target":["https:\/\/expressionisme-bjorn.art\/mentions-legales\/"]}]},{"@type":"BreadcrumbList","@id":"https:\/\/expressionisme-bjorn.art\/mentions-legales\/#breadcrumb","itemListElement":[{"@type":"ListItem","position":1,"name":"Accueil","item":"https:\/\/expressionisme-bjorn.art\/"},{"@type":"ListItem","position":2,"name":"Mentions l\u00e9gales"}]},{"@type":"WebSite","@id":"https:\/\/expressionisme-bjorn.art\/#website","url":"https:\/\/expressionisme-bjorn.art\/","name":"Expressionisme Bjorn","description":"Archive et vente d&#039;oeuvre","potentialAction":[{"@type":"SearchAction","target":{"@type":"EntryPoint","urlTemplate":"https:\/\/expressionisme-bjorn.art\/?s={search_term_string}"},"query-input":{"@type":"PropertyValueSpecification","valueRequired":true,"valueName":"search_term_string"}}],"inLanguage":"en-GB"}]}},"_links":{"self":[{"href":"https:\/\/expressionisme-bjorn.art\/en\/wp-json\/wp\/v2\/pages\/395","targetHints":{"allow":["GET"]}}],"collection":[{"href":"https:\/\/expressionisme-bjorn.art\/en\/wp-json\/wp\/v2\/pages"}],"about":[{"href":"https:\/\/expressionisme-bjorn.art\/en\/wp-json\/wp\/v2\/types\/page"}],"author":[{"embeddable":true,"href":"https:\/\/expressionisme-bjorn.art\/en\/wp-json\/wp\/v2\/users\/2"}],"replies":[{"embeddable":true,"href":"https:\/\/expressionisme-bjorn.art\/en\/wp-json\/wp\/v2\/comments?post=395"}],"version-history":[{"count":8,"href":"https:\/\/expressionisme-bjorn.art\/en\/wp-json\/wp\/v2\/pages\/395\/revisions"}],"predecessor-version":[{"id":698,"href":"https:\/\/expressionisme-bjorn.art\/en\/wp-json\/wp\/v2\/pages\/395\/revisions\/698"}],"wp:attachment":[{"href":"https:\/\/expressionisme-bjorn.art\/en\/wp-json\/wp\/v2\/media?parent=395"}],"curies":[{"name":"wp","href":"https:\/\/api.w.org\/{rel}","templated":true}]}}